{"id":20,"date":"2022-03-28T07:20:08","date_gmt":"2022-03-28T07:20:08","guid":{"rendered":"https:\/\/emailplus.vn\/?page_id=20"},"modified":"2022-08-12T01:11:30","modified_gmt":"2022-08-12T01:11:30","slug":"gioi-thieu","status":"publish","type":"page","link":"https:\/\/emailplus.vn\/?page_id=20","title":{"rendered":"Gi\u1edbi Thi\u1ec7u"},"content":{"rendered":"","protected":false},"excerpt":{"rendered":"","protected":false},"author":1,"featured_media":0,"parent":0,"menu_order":0,"comment_status":"closed","ping_status":"closed","template":"","meta":{"site-sidebar-layout":"default","site-content-layout":"","ast-site-content-layout":"","site-content-style":"default","site-sidebar-style":"default","ast-global-header-display":"","ast-banner-title-visibility":"","ast-main-header-display":"","ast-hfb-above-header-display":"","ast-hfb-below-header-display":"","ast-hfb-mobile-header-display":"","site-post-title":"","ast-breadcrumbs-content":"","ast-featured-img":"","footer-sml-layout":"","theme-transparent-header-meta":"","adv-header-id-meta":"","stick-header-meta":"","header-above-stick-meta":"","header-main-stick-meta":"","header-below-stick-meta":"","astra-migrate-meta-layouts":"","footnotes":""},"yoast_head":"<!-- This site is optimized with the Yoast SEO plugin v21.2 - https:\/\/yoast.com\/wordpress\/plugins\/seo\/ -->\n<title>Gi\u1edbi Thi\u1ec7u - Email+| Gi\u1ea3i ph\u00e1p Email h\u00e0ng \u0111\u1ea7u cho doanh nghi\u1ec7p<\/title>\n<meta name=\"robots\" content=\"index, follow, max-snippet:-1, max-image-preview:large, max-video-preview:-1\" \/>\n<link rel=\"canonical\" href=\"https:\/\/emailplus.vn\/?page_id=20\" \/>\n<meta property=\"og:locale\" content=\"en_US\" \/>\n<meta property=\"og:type\" content=\"article\" \/>\n<meta property=\"og:title\" content=\"Gi\u1edbi Thi\u1ec7u - Email+| Gi\u1ea3i ph\u00e1p Email h\u00e0ng \u0111\u1ea7u cho doanh nghi\u1ec7p\" \/>\n<meta property=\"og:url\" content=\"https:\/\/emailplus.vn\/?page_id=20\" \/>\n<meta property=\"og:site_name\" content=\"Email+| Gi\u1ea3i ph\u00e1p Email h\u00e0ng \u0111\u1ea7u cho doanh nghi\u1ec7p\" \/>\n<meta property=\"article:modified_time\" content=\"2022-08-12T01:11:30+00:00\" \/>\n<meta name=\"twitter:card\" content=\"summary_large_image\" \/>\n<script type=\"application\/ld+json\" class=\"yoast-schema-graph\">{\"@context\":\"https:\/\/schema.org\",\"@graph\":[{\"@type\":\"WebPage\",\"@id\":\"https:\/\/emailplus.vn\/?page_id=20\",\"url\":\"https:\/\/emailplus.vn\/?page_id=20\",\"name\":\"Gi\u1edbi Thi\u1ec7u - Email+| Gi\u1ea3i ph\u00e1p Email h\u00e0ng \u0111\u1ea7u cho doanh nghi\u1ec7p\",\"isPartOf\":{\"@id\":\"https:\/\/emailplus.vn\/#website\"},\"datePublished\":\"2022-03-28T07:20:08+00:00\",\"dateModified\":\"2022-08-12T01:11:30+00:00\",\"breadcrumb\":{\"@id\":\"https:\/\/emailplus.vn\/?page_id=20#breadcrumb\"},\"inLanguage\":\"en-US\",\"potentialAction\":[{\"@type\":\"ReadAction\",\"target\":[\"https:\/\/emailplus.vn\/?page_id=20\"]}]},{\"@type\":\"BreadcrumbList\",\"@id\":\"https:\/\/emailplus.vn\/?page_id=20#breadcrumb\",\"itemListElement\":[{\"@type\":\"ListItem\",\"position\":1,\"name\":\"Home\",\"item\":\"https:\/\/emailplus.vn\/\"},{\"@type\":\"ListItem\",\"position\":2,\"name\":\"Gi\u1edbi Thi\u1ec7u\"}]},{\"@type\":\"WebSite\",\"@id\":\"https:\/\/emailplus.vn\/#website\",\"url\":\"https:\/\/emailplus.vn\/\",\"name\":\"Email+| Gi\u1ea3i ph\u00e1p Email h\u00e0ng \u0111\u1ea7u cho doanh nghi\u1ec7p\",\"description\":\"Gi\u1ea3i ph\u00e1p Email h\u00e0ng \u0111\u1ea7u cho doanh nghi\u1ec7p\",\"publisher\":{\"@id\":\"https:\/\/emailplus.vn\/#organization\"},\"potentialAction\":[{\"@type\":\"SearchAction\",\"target\":{\"@type\":\"EntryPoint\",\"urlTemplate\":\"https:\/\/emailplus.vn\/?s={search_term_string}\"},\"query-input\":\"required name=search_term_string\"}],\"inLanguage\":\"en-US\"},{\"@type\":\"Organization\",\"@id\":\"https:\/\/emailplus.vn\/#organization\",\"name\":\"Email+| Gi\u1ea3i ph\u00e1p Email h\u00e0ng \u0111\u1ea7u cho doanh nghi\u1ec7p\",\"url\":\"https:\/\/emailplus.vn\/\",\"logo\":{\"@type\":\"ImageObject\",\"inLanguage\":\"en-US\",\"@id\":\"https:\/\/emailplus.vn\/#\/schema\/logo\/image\/\",\"url\":\"https:\/\/emailplus.vn\/wp-content\/uploads\/2022\/04\/cropped-cropped-rsz_1emailplus-1-4.png\",\"contentUrl\":\"https:\/\/emailplus.vn\/wp-content\/uploads\/2022\/04\/cropped-cropped-rsz_1emailplus-1-4.png\",\"width\":250,\"height\":250,\"caption\":\"Email+| Gi\u1ea3i ph\u00e1p Email h\u00e0ng \u0111\u1ea7u cho doanh nghi\u1ec7p\"},\"image\":{\"@id\":\"https:\/\/emailplus.vn\/#\/schema\/logo\/image\/\"}}]}<\/script>\n<!-- \/ Yoast SEO plugin. -->","yoast_head_json":{"title":"Gi\u1edbi Thi\u1ec7u - Email+| Gi\u1ea3i ph\u00e1p Email h\u00e0ng \u0111\u1ea7u cho doanh nghi\u1ec7p","robots":{"index":"index","follow":"follow","max-snippet":"max-snippet:-1","max-image-preview":"max-image-preview:large","max-video-preview":"max-video-preview:-1"},"canonical":"https:\/\/emailplus.vn\/?page_id=20","og_locale":"en_US","og_type":"article","og_title":"Gi\u1edbi Thi\u1ec7u - Email+| Gi\u1ea3i ph\u00e1p Email h\u00e0ng \u0111\u1ea7u cho doanh nghi\u1ec7p","og_url":"https:\/\/emailplus.vn\/?page_id=20","og_site_name":"Email+| Gi\u1ea3i ph\u00e1p Email h\u00e0ng \u0111\u1ea7u cho doanh nghi\u1ec7p","article_modified_time":"2022-08-12T01:11:30+00:00","twitter_card":"summary_large_image","schema":{"@context":"https:\/\/schema.org","@graph":[{"@type":"WebPage","@id":"https:\/\/emailplus.vn\/?page_id=20","url":"https:\/\/emailplus.vn\/?page_id=20","name":"Gi\u1edbi Thi\u1ec7u - Email+| Gi\u1ea3i ph\u00e1p Email h\u00e0ng \u0111\u1ea7u cho doanh nghi\u1ec7p","isPartOf":{"@id":"https:\/\/emailplus.vn\/#website"},"datePublished":"2022-03-28T07:20:08+00:00","dateModified":"2022-08-12T01:11:30+00:00","breadcrumb":{"@id":"https:\/\/emailplus.vn\/?page_id=20#breadcrumb"},"inLanguage":"en-US","potentialAction":[{"@type":"ReadAction","target":["https:\/\/emailplus.vn\/?page_id=20"]}]},{"@type":"BreadcrumbList","@id":"https:\/\/emailplus.vn\/?page_id=20#breadcrumb","itemListElement":[{"@type":"ListItem","position":1,"name":"Home","item":"https:\/\/emailplus.vn\/"},{"@type":"ListItem","position":2,"name":"Gi\u1edbi Thi\u1ec7u"}]},{"@type":"WebSite","@id":"https:\/\/emailplus.vn\/#website","url":"https:\/\/emailplus.vn\/","name":"Email+| Gi\u1ea3i ph\u00e1p Email h\u00e0ng \u0111\u1ea7u cho doanh nghi\u1ec7p","description":"Gi\u1ea3i ph\u00e1p Email h\u00e0ng \u0111\u1ea7u cho doanh nghi\u1ec7p","publisher":{"@id":"https:\/\/emailplus.vn\/#organization"},"potentialAction":[{"@type":"SearchAction","target":{"@type":"EntryPoint","urlTemplate":"https:\/\/emailplus.vn\/?s={search_term_string}"},"query-input":"required name=search_term_string"}],"inLanguage":"en-US"},{"@type":"Organization","@id":"https:\/\/emailplus.vn\/#organization","name":"Email+| Gi\u1ea3i ph\u00e1p Email h\u00e0ng \u0111\u1ea7u cho doanh nghi\u1ec7p","url":"https:\/\/emailplus.vn\/","logo":{"@type":"ImageObject","inLanguage":"en-US","@id":"https:\/\/emailplus.vn\/#\/schema\/logo\/image\/","url":"https:\/\/emailplus.vn\/wp-content\/uploads\/2022\/04\/cropped-cropped-rsz_1emailplus-1-4.png","contentUrl":"https:\/\/emailplus.vn\/wp-content\/uploads\/2022\/04\/cropped-cropped-rsz_1emailplus-1-4.png","width":250,"height":250,"caption":"Email+| Gi\u1ea3i ph\u00e1p Email h\u00e0ng \u0111\u1ea7u cho doanh nghi\u1ec7p"},"image":{"@id":"https:\/\/emailplus.vn\/#\/schema\/logo\/image\/"}}]}},"_links":{"self":[{"href":"https:\/\/emailplus.vn\/index.php?rest_route=\/wp\/v2\/pages\/20"}],"collection":[{"href":"https:\/\/emailplus.vn\/index.php?rest_route=\/wp\/v2\/pages"}],"about":[{"href":"https:\/\/emailplus.vn\/index.php?rest_route=\/wp\/v2\/types\/page"}],"author":[{"embeddable":true,"href":"https:\/\/emailplus.vn\/index.php?rest_route=\/wp\/v2\/users\/1"}],"replies":[{"embeddable":true,"href":"https:\/\/emailplus.vn\/index.php?rest_route=%2Fwp%2Fv2%2Fcomments&post=20"}],"version-history":[{"count":4,"href":"https:\/\/emailplus.vn\/index.php?rest_route=\/wp\/v2\/pages\/20\/revisions"}],"predecessor-version":[{"id":772,"href":"https:\/\/emailplus.vn\/index.php?rest_route=\/wp\/v2\/pages\/20\/revisions\/772"}],"wp:attachment":[{"href":"https:\/\/emailplus.vn\/index.php?rest_route=%2Fwp%2Fv2%2Fmedia&parent=20"}],"curies":[{"name":"wp","href":"https:\/\/api.w.org\/{rel}","templated":true}]}}